{"id":1481,"date":"2023-01-18T14:53:05","date_gmt":"2023-01-18T13:53:05","guid":{"rendered":"https:\/\/www.nauticspot.com\/fr\/?page_id=1481"},"modified":"2023-01-18T15:20:45","modified_gmt":"2023-01-18T14:20:45","slug":"marina-vision","status":"publish","type":"page","link":"https:\/\/www.nauticspot.com\/fr\/marina-vision","title":{"rendered":"Marina Vision"},"content":{"rendered":"<div class=\"wpb-content-wrapper\"><p>[vc_row][vc_column width=\u00a0\u00bb1\/2&Prime;][tm_image image_size=\u00a0\u00bbcustom\u00a0\u00bb image=\u00a0\u00bb1484&Prime; image_size_width=\u00a0\u00bb660&Prime; image_size_height=\u00a0\u00bb700&Prime;][\/vc_column][vc_column width=\u00a0\u00bb1\/2&Prime;][tm_heading style=\u00a0\u00bbmodern\u00a0\u00bb tag=\u00a0\u00bbh1&Prime; custom_google_font=\u00a0\u00bb\u00a0\u00bb text=\u00a0\u00bbGestion des ports de plaisance par cam\u00e9ras\u00a0\u00bb][tm_spacer size=\u00a0\u00bblg:10&Prime;][vc_column_text]<\/p>\n<p style=\"text-align: left;\">Marina Vision aide les gestionnaires de ports de plaisance \u00e0 optimiser leur gestion \u00e0 l&rsquo;aide de cam\u00e9ras. Install\u00e9es sur la zone du port, elles sont associ\u00e9es \u00e0 des logiciels d\u00e9velopp\u00e9s pour r\u00e9pondre aux probl\u00e9matiques suivantes :<\/p>\n<ul>\n<li>Le suivi et l&rsquo;optimisation de l&rsquo;occupation des places du port<\/li>\n<li>Le contr\u00f4le de vitesse dans le chenal du port et son plan d&rsquo;eau<\/li>\n<li>L&rsquo;analyse du flux et le comptage des navires entrant ou sortant du port<\/li>\n<\/ul>\n<p>&nbsp;[\/vc_column_text][tm_spacer size=\u00a0\u00bblg:30&Prime;][tm_heading style=\u00a0\u00bbmodern\u00a0\u00bb tag=\u00a0\u00bbh2&Prime; custom_google_font=\u00a0\u00bb\u00a0\u00bb text=\u00a0\u00bbTechnologie\u00a0\u00bb][tm_spacer size=\u00a0\u00bblg:5&Prime;][vc_column_text]Marina Vision est une solution de computer vision bas\u00e9e sur l&rsquo;intelligence artificielle et le machine learning. Elle utilise l&rsquo;analyse d&rsquo;images pour d\u00e9tecter des \u00e9v\u00e9nements sur le plan d&rsquo;eau avec :<\/p>\n<ol>\n<li>Le pointage des entr\u00e9es et sorties : Marina Vision comptabilise les entr\u00e9es et sorties de bateaux dans le port.<\/li>\n<li>Le contr\u00f4le de vitesse : contr\u00f4le la vitesse des navires dans le chenal ou autre zone du port. Ce syst\u00e8me b\u00e9n\u00e9ficie et identifie les exc\u00e8s de vitesse gr\u00e2ce \u00e0 un panneau p\u00e9dagogique.<\/li>\n<li>La supervision de l&rsquo;occupation du port : identifie l&rsquo;occupation ou l&rsquo;absence d&rsquo;un navire sur chaque emplacement.<\/li>\n<\/ol>\n<p>[\/vc_column_text][vc_separator css=\u00a0\u00bb.vc_custom_1674050978686{padding-top: 30px !important;padding-bottom: 30px !important;}\u00a0\u00bb][vc_btn title=\u00a0\u00bbEstimer mon projet\u00a0\u00bb style=\u00a0\u00bbcustom\u00a0\u00bb custom_background=\u00a0\u00bb#1b1b58&Prime; custom_text=\u00a0\u00bb#ffffff\u00a0\u00bb align=\u00a0\u00bbleft\u00a0\u00bb link=\u00a0\u00bburl:https%3A%2F%2Fwww.nauticspot.com%2Ffr%2Fgo|title:Contact%20et%20devis\u00a0\u00bb css=\u00a0\u00bb.vc_custom_1674051185494{background-color: #ffffff !important;}\u00a0\u00bb][\/vc_column][\/vc_row][vc_row][vc_column][tm_heading style=\u00a0\u00bbmodern\u00a0\u00bb tag=\u00a0\u00bbh2&Prime; custom_google_font=\u00a0\u00bb\u00a0\u00bb text=\u00a0\u00bbLe pointage des entr\u00e9es et sorties automatis\u00e9es pour une gestion optimale\u00a0\u00bb css=\u00a0\u00bb.vc_custom_1674051062465{padding-top: 50px !important;}\u00a0\u00bb][tm_spacer size=\u00a0\u00bblg:10&Prime;][\/vc_column][\/vc_row][vc_row][vc_column][vc_column_text]Positionn\u00e9es \u00e0 l&rsquo;entr\u00e9e du port, les cam\u00e9ras op\u00e9rationnelles du dispositif Marina Vision sont en mesure d&rsquo;identifier les navires qui entrent ou sortent du port. Bas\u00e9 sur la reconnaissance d&rsquo;images, le programme est entrain\u00e9 \u00e0 reconnaitre un bateau de mani\u00e8re infaillible. C&rsquo;est un outil pr\u00e9cis et fiable. \u00c0 partir des donn\u00e9es collect\u00e9es, le gestionnaire peut visualiser les statistiques de fr\u00e9quentation d&rsquo;une saison \u00e0 l&rsquo;autre. Ces statistiques font partie int\u00e9grante du logiciel de gestion portuaire propos\u00e9 par Nauticspot. Ce progiciel est 100% compatible avec les logiciels portuaires existants (Magellan, Aliz\u00e9e, Seaport, SmartWaters, etc.)[\/vc_column_text][tm_spacer size=\u00a0\u00bblg:40&Prime;][tm_spacer size=\u00a0\u00bblg:10&Prime;][tm_heading style=\u00a0\u00bbmodern\u00a0\u00bb tag=\u00a0\u00bbh2&Prime; custom_google_font=\u00a0\u00bb\u00a0\u00bb text=\u00a0\u00bbLe contr\u00f4le de vitesse offre une meilleure gestion de la s\u00e9curit\u00e9 dans les ports de plaisance\u00a0\u00bb][tm_spacer size=\u00a0\u00bblg:10&Prime;][\/vc_column][\/vc_row][vc_row][vc_column][vc_column_text]Le contr\u00f4le de la v\u00e9locit\u00e9 des navires dans les ports de plaisance est un sujet pr\u00e9occupant des gestionnaires d&rsquo;entit\u00e9s portuaires. Les incidents sur le plan d&rsquo;eau et notamment les collisions sont malheureusement assez fr\u00e9quents en p\u00e9riode de forte fr\u00e9quentation. Une vitesse maitris\u00e9e permet d&rsquo;anticiper les impr\u00e9vus et tout objet ou individu qui viendrait intercepter la trajectoire d&rsquo;un bateau ou VNM. Nauticspot et ses ports partenaires ont voulu r\u00e9pondre \u00e0 cette probl\u00e9matique de s\u00e9curit\u00e9, \u00e0 travers une approche pr\u00e9ventive. Le contr\u00f4le de vitesse s&rsquo;effectue \u00e0 l&rsquo;aide d&rsquo;une cam\u00e9ra post\u00e9e au niveau de la zone \u00e0 contr\u00f4ler. Nauticspot a d\u00e9velopp\u00e9 une intelligence artificielle qui analyse les d\u00e9placements des navires pour en extraire la vitesse.<br \/>\nLa vitesse est ensuite affich\u00e9e sur un panneau p\u00e9dagogique, pr\u00e9venant les \u00e9ventuels exc\u00e8s de vitesse.[\/vc_column_text][tm_spacer size=\u00a0\u00bblg:40&Prime;][tm_heading style=\u00a0\u00bbmodern\u00a0\u00bb tag=\u00a0\u00bbh2&Prime; custom_google_font=\u00a0\u00bb\u00a0\u00bb text=\u00a0\u00bbLa gestion des places de port de plaisance par cam\u00e9ras pour superviser l&rsquo;occupation\u00a0\u00bb][tm_spacer size=\u00a0\u00bblg:10&Prime;][\/vc_column][\/vc_row][vc_row][vc_column][vc_column_text]Nauticspot op\u00e8re sur les sujets de gestion des places dans les ports de plaisance de fa\u00e7on historique. De l&rsquo;optimisation du remplissage, \u00e0 l&rsquo;automatisation des absences et retours, c&rsquo;est aujourd&rsquo;hui un produit tout aussi performant que les ing\u00e9nieurs de Nauticspot ont su d\u00e9velopper. Ce nouveau syst\u00e8me s&rsquo;aide de cam\u00e9ras plac\u00e9es en hauteur qui identifient le statut d&rsquo;occupation de chaque place du port : occup\u00e9e, ou libre. Cet \u00e9quipement est autant l\u00e9ger dans son installation que dans sa gestion au quotidien. Une fois le mat\u00e9riel install\u00e9, le gestionnaire n&rsquo;a plus qu&rsquo;\u00e0 visualiser directement sur son logiciel portuaire, l&rsquo;occupation de son plan d&rsquo;eau en temps r\u00e9el. Dans un souci du respect de la vie priv\u00e9e des plaisanciers et de la libert\u00e9 qu&rsquo;on associe aux activit\u00e9s de plaisance, les solutions d&rsquo;analyse d&rsquo;image de Nauticspot sont conformes au respect de la vie priv\u00e9e;[\/vc_column_text][tm_spacer size=\u00a0\u00bblg:40&Prime;][\/vc_column][\/vc_row][vc_row][vc_column][tm_heading style=\u00a0\u00bbmodern\u00a0\u00bb custom_google_font=\u00a0\u00bb\u00a0\u00bb text=\u00a0\u00bbNauticspot va plus loin dans la gestion de la s\u00e9curit\u00e9 des ports de plaisance\u00a0\u00bb][tm_spacer size=\u00a0\u00bblg:10&Prime;][vc_column_text]<a href=\"https:\/\/www.nauticspot.com\/fr\/produits\/safemarina\">SafeMarina est une solution digitale qui am\u00e9liore la s\u00e9curit\u00e9 des navires<\/a>, mais aussi des usagers et visiteurs du port. Ce dispositif est compos\u00e9 de cam\u00e9ras synchronis\u00e9es au logiciel de surveillance. Pour le gestionnaire, c&rsquo;est un outil qui optimise le temps d&rsquo;intervention des \u00e9quipes de s\u00e9curit\u00e9 gr\u00e2ce \u00e0 la r\u00e9ception d&rsquo;alertes. Elle permet de diminuer le nombre de vols et d&rsquo;incidents sur la zone portuaire. Les incidents sont identifi\u00e9s a priori par le gestionnaire du port ou le responsable de la s\u00e9curit\u00e9. Ils peuvent \u00e9galement cat\u00e9goriser les incidents critiques pour alerter les autorit\u00e9s ou toute entit\u00e9 apte \u00e0 intervenir. Le d\u00e9ploiement de ce type d&rsquo;\u00e9quipement\u00a0r\u00e9duit l&rsquo;ins\u00e9curit\u00e9 et rassure les plaisanciers, riverains et professionnels du port[\/vc_column_text][\/vc_column][\/vc_row]<\/p>\n<\/div>","protected":false},"excerpt":{"rendered":"<p>[vc_row][vc_column width=\u00a0\u00bb1\/2&Prime;][tm_image image_size=\u00a0\u00bbcustom\u00a0\u00bb image=\u00a0\u00bb1484&Prime; image_size_width=\u00a0\u00bb660&Prime; image_size_height=\u00a0\u00bb700&Prime;][\/vc_column][vc_column width=\u00a0\u00bb1\/2&Prime;][tm_heading style=\u00a0\u00bbmodern\u00a0\u00bb tag=\u00a0\u00bbh1&Prime; custom_google_font=\u00a0\u00bb\u00a0\u00bb text=\u00a0\u00bbGestion des ports de plaisance par cam\u00e9ras\u00a0\u00bb][tm_spacer size=\u00a0\u00bblg:10&Prime;][vc_column_text] Marina Vision aide les gestionnaires de ports de plaisance \u00e0 optimiser leur gestion \u00e0 l&rsquo;aide de cam\u00e9ras. Install\u00e9es sur la zone du port, elles sont associ\u00e9es \u00e0 des logiciels d\u00e9velopp\u00e9s pour r\u00e9pondre aux probl\u00e9matiques suivantes : Le suivi et l&rsquo;optimisation de l&rsquo;occupation des places du port Le contr\u00f4le de vitesse dans le chenal du port et son plan d&rsquo;eau L&rsquo;analyse du flux et le comptage des navires entrant ou sortant du port &nbsp;[\/vc_column_text][tm_spacer size=\u00a0\u00bblg:30&Prime;][tm_heading style=\u00a0\u00bbmodern\u00a0\u00bb tag=\u00a0\u00bbh2&Prime; custom_google_font=\u00a0\u00bb\u00a0\u00bb text=\u00a0\u00bbTechnologie\u00a0\u00bb][tm_spacer size=\u00a0\u00bblg:5&Prime;][vc_column_text]Marina Vision est une solution de computer vision bas\u00e9e sur l&rsquo;intelligence artificielle et le machine learning. Elle utilise l&rsquo;analyse d&rsquo;images pour d\u00e9tecter des \u00e9v\u00e9nements sur le plan d&rsquo;eau avec : Le pointage des entr\u00e9es et sorties : Marina Vision comptabilise les entr\u00e9es et sorties de bateaux dans le port. Le contr\u00f4le de vitesse : contr\u00f4le la vitesse des navires dans le chenal ou autre zone du port. Ce syst\u00e8me b\u00e9n\u00e9ficie et identifie les exc\u00e8s de vitesse gr\u00e2ce \u00e0 un panneau p\u00e9dagogique. La supervision de l&rsquo;occupation du port : identifie l&rsquo;occupation ou l&rsquo;absence d&rsquo;un navire sur chaque emplacement. [\/vc_column_text][vc_separator css=\u00a0\u00bb.vc_custom_1674050978686{padding-top: 30px !important;padding-bottom: 30px !important;}\u00a0\u00bb][vc_btn title=\u00a0\u00bbEstimer mon projet\u00a0\u00bb style=\u00a0\u00bbcustom\u00a0\u00bb custom_background=\u00a0\u00bb#1b1b58&Prime; custom_text=\u00a0\u00bb#ffffff\u00a0\u00bb align=\u00a0\u00bbleft\u00a0\u00bb link=\u00a0\u00bburl:https%3A%2F%2Fwww.nauticspot.com%2Ffr%2Fgo|title:Contact%20et%20devis\u00a0\u00bb css=\u00a0\u00bb.vc_custom_1674051185494{background-color: #ffffff !important;}\u00a0\u00bb][\/vc_column][\/vc_row][vc_row][vc_column][tm_heading style=\u00a0\u00bbmodern\u00a0\u00bb tag=\u00a0\u00bbh2&Prime; custom_google_font=\u00a0\u00bb\u00a0\u00bb text=\u00a0\u00bbLe pointage des entr\u00e9es et sorties automatis\u00e9es pour une gestion optimale\u00a0\u00bb css=\u00a0\u00bb.vc_custom_1674051062465{padding-top: 50px !important;}\u00a0\u00bb][tm_spacer size=\u00a0\u00bblg:10&Prime;][\/vc_column][\/vc_row][vc_row][vc_column][vc_column_text]Positionn\u00e9es \u00e0 l&rsquo;entr\u00e9e du port, les cam\u00e9ras op\u00e9rationnelles du dispositif Marina Vision sont en mesure d&rsquo;identifier les navires qui entrent ou sortent du port. Bas\u00e9 sur la reconnaissance d&rsquo;images, le programme est entrain\u00e9 \u00e0 reconnaitre un bateau de mani\u00e8re infaillible. C&rsquo;est un outil pr\u00e9cis et fiable. \u00c0 partir des donn\u00e9es collect\u00e9es, le gestionnaire peut visualiser les statistiques de fr\u00e9quentation d&rsquo;une saison \u00e0 l&rsquo;autre. Ces statistiques font partie int\u00e9grante du logiciel de gestion portuaire propos\u00e9 par Nauticspot. Ce progiciel est 100% compatible avec les logiciels portuaires existants (Magellan, Aliz\u00e9e, Seaport, SmartWaters, etc.)[\/vc_column_text][tm_spacer size=\u00a0\u00bblg:40&Prime;][tm_spacer size=\u00a0\u00bblg:10&Prime;][tm_heading style=\u00a0\u00bbmodern\u00a0\u00bb tag=\u00a0\u00bbh2&Prime; custom_google_font=\u00a0\u00bb\u00a0\u00bb text=\u00a0\u00bbLe contr\u00f4le de vitesse offre une meilleure gestion de la s\u00e9curit\u00e9 dans les ports de plaisance\u00a0\u00bb][tm_spacer size=\u00a0\u00bblg:10&Prime;][\/vc_column][\/vc_row][vc_row][vc_column][vc_column_text]Le contr\u00f4le de la v\u00e9locit\u00e9 des navires dans les ports de plaisance est un sujet pr\u00e9occupant des gestionnaires d&rsquo;entit\u00e9s portuaires. Les incidents sur le plan d&rsquo;eau et notamment les collisions sont malheureusement assez fr\u00e9quents en p\u00e9riode de forte fr\u00e9quentation. Une vitesse maitris\u00e9e permet d&rsquo;anticiper les impr\u00e9vus et tout objet ou individu qui viendrait intercepter la trajectoire d&rsquo;un bateau ou VNM. Nauticspot et ses ports partenaires ont voulu r\u00e9pondre \u00e0 cette probl\u00e9matique de s\u00e9curit\u00e9, \u00e0 travers une approche pr\u00e9ventive. Le contr\u00f4le de vitesse s&rsquo;effectue \u00e0 l&rsquo;aide d&rsquo;une cam\u00e9ra post\u00e9e au niveau de la zone \u00e0 contr\u00f4ler. Nauticspot a d\u00e9velopp\u00e9 une intelligence artificielle qui analyse les d\u00e9placements des navires pour en extraire la vitesse. La vitesse est ensuite affich\u00e9e sur un panneau p\u00e9dagogique, pr\u00e9venant les \u00e9ventuels exc\u00e8s de vitesse.[\/vc_column_text][tm_spacer size=\u00a0\u00bblg:40&Prime;][tm_heading style=\u00a0\u00bbmodern\u00a0\u00bb tag=\u00a0\u00bbh2&Prime; custom_google_font=\u00a0\u00bb\u00a0\u00bb text=\u00a0\u00bbLa gestion des places de port de plaisance par cam\u00e9ras pour superviser l&rsquo;occupation\u00a0\u00bb][tm_spacer size=\u00a0\u00bblg:10&Prime;][\/vc_column][\/vc_row][vc_row][vc_column][vc_column_text]Nauticspot op\u00e8re sur les sujets de gestion des places dans les ports de plaisance de fa\u00e7on historique. De l&rsquo;optimisation du remplissage, \u00e0 l&rsquo;automatisation des absences et retours, c&rsquo;est aujourd&rsquo;hui un produit tout aussi performant que les ing\u00e9nieurs de Nauticspot ont su d\u00e9velopper. Ce nouveau syst\u00e8me s&rsquo;aide de cam\u00e9ras plac\u00e9es en hauteur qui identifient le statut d&rsquo;occupation de chaque place du port : occup\u00e9e, ou libre. Cet \u00e9quipement est autant l\u00e9ger dans son installation que dans sa gestion au quotidien. Une fois le mat\u00e9riel install\u00e9, le gestionnaire n&rsquo;a plus qu&rsquo;\u00e0 visualiser directement sur son logiciel portuaire, l&rsquo;occupation de son plan d&rsquo;eau en temps r\u00e9el. Dans un souci du respect de la vie priv\u00e9e des plaisanciers et de la libert\u00e9 qu&rsquo;on associe aux activit\u00e9s de plaisance, les solutions d&rsquo;analyse d&rsquo;image de Nauticspot sont conformes au respect de la vie priv\u00e9e;[\/vc_column_text][tm_spacer size=\u00a0\u00bblg:40&Prime;][\/vc_column][\/vc_row][vc_row][vc_column][tm_heading style=\u00a0\u00bbmodern\u00a0\u00bb custom_google_font=\u00a0\u00bb\u00a0\u00bb text=\u00a0\u00bbNauticspot va plus loin dans la gestion de la s\u00e9curit\u00e9 des ports de plaisance\u00a0\u00bb][tm_spacer size=\u00a0\u00bblg:10&Prime;][vc_column_text]SafeMarina est une solution digitale qui am\u00e9liore la s\u00e9curit\u00e9 des navires, mais aussi des usagers et visiteurs du port. Ce dispositif est compos\u00e9 de cam\u00e9ras synchronis\u00e9es au logiciel de surveillance. Pour le gestionnaire, c&rsquo;est un outil qui optimise le temps d&rsquo;intervention des \u00e9quipes de s\u00e9curit\u00e9 gr\u00e2ce \u00e0 la r\u00e9ception d&rsquo;alertes. Elle permet de diminuer le nombre de vols et d&rsquo;incidents sur la zone portuaire. Les incidents sont identifi\u00e9s a priori par le gestionnaire du port ou le responsable de la s\u00e9curit\u00e9. Ils peuvent \u00e9galement cat\u00e9goriser les incidents critiques pour alerter les autorit\u00e9s ou toute entit\u00e9 apte \u00e0 intervenir. Le d\u00e9ploiement de ce type d&rsquo;\u00e9quipement\u00a0r\u00e9duit l&rsquo;ins\u00e9curit\u00e9 et rassure les plaisanciers, riverains et professionnels du port[\/vc_column_text][\/vc_column][\/vc_row]<\/p>\n","protected":false},"author":1,"featured_media":0,"parent":0,"menu_order":0,"comment_status":"closed","ping_status":"closed","template":"","meta":{"footnotes":""},"class_list":["post-1481","page","type-page","status-publish","hentry","post-no-thumbnail"],"_links":{"self":[{"href":"https:\/\/www.nauticspot.com\/fr\/wp-json\/wp\/v2\/pages\/1481","targetHints":{"allow":["GET"]}}],"collection":[{"href":"https:\/\/www.nauticspot.com\/fr\/wp-json\/wp\/v2\/pages"}],"about":[{"href":"https:\/\/www.nauticspot.com\/fr\/wp-json\/wp\/v2\/types\/page"}],"author":[{"embeddable":true,"href":"https:\/\/www.nauticspot.com\/fr\/wp-json\/wp\/v2\/users\/1"}],"replies":[{"embeddable":true,"href":"https:\/\/www.nauticspot.com\/fr\/wp-json\/wp\/v2\/comments?post=1481"}],"version-history":[{"count":2,"href":"https:\/\/www.nauticspot.com\/fr\/wp-json\/wp\/v2\/pages\/1481\/revisions"}],"predecessor-version":[{"id":1489,"href":"https:\/\/www.nauticspot.com\/fr\/wp-json\/wp\/v2\/pages\/1481\/revisions\/1489"}],"wp:attachment":[{"href":"https:\/\/www.nauticspot.com\/fr\/wp-json\/wp\/v2\/media?parent=1481"}],"curies":[{"name":"wp","href":"https:\/\/api.w.org\/{rel}","templated":true}]}}