{"id":174,"date":"2021-01-22T02:32:31","date_gmt":"2021-01-22T01:32:31","guid":{"rendered":"https:\/\/www.nauticspot.com\/fr\/?page_id=174"},"modified":"2021-01-26T21:42:40","modified_gmt":"2021-01-26T20:42:40","slug":"clients","status":"publish","type":"page","link":"https:\/\/www.nauticspot.com\/fr\/clients","title":{"rendered":"Clients"},"content":{"rendered":"<div class=\"wpb-content-wrapper\"><p>[vc_row lg_spacing=\u00a0\u00bbpadding_top:100;padding_right:60;padding_bottom:100;padding_left:60&Prime;][vc_column][vc_column_text]<\/p>\n<p style=\"text-align: center;\">Nauticspot est le leader mondial des \u00e9quipements connect\u00e9s pour les ports de plaisance. Plus de 50 ports dans le monde sont \u00e9quip\u00e9s de la technologie Nauticspot pour offrir une meilleure exp\u00e9rience aux plaisanciers tout en augmentant les revenus li\u00e9s \u00e0 l&rsquo;accueil des bateaux de plaisance.<\/p>\n<p>[\/vc_column_text][\/vc_column][\/vc_row][vc_row full_width=\u00a0\u00bbstretch_row\u00a0\u00bb background_color=\u00a0\u00bbcustom\u00a0\u00bb custom_background_color=\u00a0\u00bb#ebeef3&Prime; lg_spacing=\u00a0\u00bbpadding_top:100;padding_bottom:100&Prime;][vc_column][tm_heading style=\u00a0\u00bbmodern\u00a0\u00bb tag=\u00a0\u00bbh2&Prime; custom_google_font=\u00a0\u00bb\u00a0\u00bb align=\u00a0\u00bbcenter\u00a0\u00bb text=\u00a0\u00bbPorts de plaisance connect\u00e9s avec Nauticspot\u00a0\u00bb][tm_spacer size=\u00a0\u00bblg:40&Prime;][tm_portfolio style=\u00a0\u00bbgrid-caption\u00a0\u00bb orderby=\u00a0\u00bbmenu_order\u00a0\u00bb filter_enable=\u00a0\u00bb1&Prime; filter_counter=\u00a0\u00bb1&Prime; columns=\u00a0\u00bbxs:1;sm:2;md:3;lg:3&Prime; column_gutter=\u00a0\u00bbmd:5;lg:10&Prime; row_gutter=\u00a0\u00bbmd:5;lg:10&Prime;][\/vc_column][\/vc_row][vc_row separator_type=\u00a0\u00bbtriangle\u00a0\u00bb separator_position=\u00a0\u00bbtop\u00a0\u00bb custom_separator_color=\u00a0\u00bb#ebeef3&Prime; lg_spacing=\u00a0\u00bbpadding_top:180&Prime; separator_height=\u00a0\u00bblg:80&Prime;][vc_column][tm_heading style=\u00a0\u00bbmodern\u00a0\u00bb tag=\u00a0\u00bbh2&Prime; custom_google_font=\u00a0\u00bb\u00a0\u00bb align=\u00a0\u00bbcenter\u00a0\u00bb text=\u00a0\u00bbT\u00e9moignages de managers de ports et d&rsquo;\u00e9quipementiers\u00a0\u00bb][tm_spacer size=\u00a0\u00bblg:20&Prime;][tm_testimonial gutter=\u00a0\u00bb30&Prime; number=\u00a0\u00bb9&Prime; taxonomies=\u00a0\u00bbtestimonial_category:solutions\u00a0\u00bb columns=\u00a0\u00bbxs:1;sm:2;lg:3&Prime;][\/vc_column][\/vc_row]<\/p>\n<\/div>","protected":false},"excerpt":{"rendered":"<p>[vc_row lg_spacing=\u00a0\u00bbpadding_top:100;padding_right:60;padding_bottom:100;padding_left:60&Prime;][vc_column][vc_column_text] Nauticspot est le leader mondial des \u00e9quipements connect\u00e9s pour les ports de plaisance. Plus de 50 ports dans le monde sont \u00e9quip\u00e9s de la technologie Nauticspot pour offrir une meilleure exp\u00e9rience aux plaisanciers tout en augmentant les revenus li\u00e9s \u00e0 l&rsquo;accueil des bateaux de plaisance. [\/vc_column_text][\/vc_column][\/vc_row][vc_row full_width=\u00a0\u00bbstretch_row\u00a0\u00bb background_color=\u00a0\u00bbcustom\u00a0\u00bb custom_background_color=\u00a0\u00bb#ebeef3&Prime; lg_spacing=\u00a0\u00bbpadding_top:100;padding_bottom:100&Prime;][vc_column][tm_heading style=\u00a0\u00bbmodern\u00a0\u00bb tag=\u00a0\u00bbh2&Prime; custom_google_font=\u00a0\u00bb\u00a0\u00bb align=\u00a0\u00bbcenter\u00a0\u00bb text=\u00a0\u00bbPorts de plaisance connect\u00e9s avec Nauticspot\u00a0\u00bb][tm_spacer size=\u00a0\u00bblg:40&Prime;][tm_portfolio style=\u00a0\u00bbgrid-caption\u00a0\u00bb orderby=\u00a0\u00bbmenu_order\u00a0\u00bb filter_enable=\u00a0\u00bb1&Prime; filter_counter=\u00a0\u00bb1&Prime; columns=\u00a0\u00bbxs:1;sm:2;md:3;lg:3&Prime; column_gutter=\u00a0\u00bbmd:5;lg:10&Prime; row_gutter=\u00a0\u00bbmd:5;lg:10&Prime;][\/vc_column][\/vc_row][vc_row separator_type=\u00a0\u00bbtriangle\u00a0\u00bb separator_position=\u00a0\u00bbtop\u00a0\u00bb custom_separator_color=\u00a0\u00bb#ebeef3&Prime; lg_spacing=\u00a0\u00bbpadding_top:180&Prime; separator_height=\u00a0\u00bblg:80&Prime;][vc_column][tm_heading style=\u00a0\u00bbmodern\u00a0\u00bb tag=\u00a0\u00bbh2&Prime; custom_google_font=\u00a0\u00bb\u00a0\u00bb align=\u00a0\u00bbcenter\u00a0\u00bb text=\u00a0\u00bbT\u00e9moignages de managers de ports et d&rsquo;\u00e9quipementiers\u00a0\u00bb][tm_spacer size=\u00a0\u00bblg:20&Prime;][tm_testimonial gutter=\u00a0\u00bb30&Prime; number=\u00a0\u00bb9&Prime; taxonomies=\u00a0\u00bbtestimonial_category:solutions\u00a0\u00bb columns=\u00a0\u00bbxs:1;sm:2;lg:3&Prime;][\/vc_column][\/vc_row]<\/p>\n","protected":false},"author":1,"featured_media":0,"parent":0,"menu_order":0,"comment_status":"closed","ping_status":"closed","template":"","meta":{"footnotes":""},"class_list":["post-174","page","type-page","status-publish","hentry","post-no-thumbnail"],"_links":{"self":[{"href":"https:\/\/www.nauticspot.com\/fr\/wp-json\/wp\/v2\/pages\/174","targetHints":{"allow":["GET"]}}],"collection":[{"href":"https:\/\/www.nauticspot.com\/fr\/wp-json\/wp\/v2\/pages"}],"about":[{"href":"https:\/\/www.nauticspot.com\/fr\/wp-json\/wp\/v2\/types\/page"}],"author":[{"embeddable":true,"href":"https:\/\/www.nauticspot.com\/fr\/wp-json\/wp\/v2\/users\/1"}],"replies":[{"embeddable":true,"href":"https:\/\/www.nauticspot.com\/fr\/wp-json\/wp\/v2\/comments?post=174"}],"version-history":[{"count":0,"href":"https:\/\/www.nauticspot.com\/fr\/wp-json\/wp\/v2\/pages\/174\/revisions"}],"wp:attachment":[{"href":"https:\/\/www.nauticspot.com\/fr\/wp-json\/wp\/v2\/media?parent=174"}],"curies":[{"name":"wp","href":"https:\/\/api.w.org\/{rel}","templated":true}]}}