{"id":32,"date":"2021-01-21T18:39:51","date_gmt":"2021-01-21T17:39:51","guid":{"rendered":"https:\/\/www.nauticspot.com\/fr\/?page_id=32"},"modified":"2021-04-12T00:25:01","modified_gmt":"2021-04-11T22:25:01","slug":"mentions-legales","status":"publish","type":"page","link":"https:\/\/www.nauticspot.com\/fr\/mentions-legales","title":{"rendered":"Mentions l\u00e9gales"},"content":{"rendered":"<div class=\"wpb-content-wrapper\"><p>[vc_row lg_spacing=\u00a0\u00bbpadding_right:200;padding_left:200&Prime; md_spacing=\u00a0\u00bbpadding_right:50;padding_left:50&Prime;][vc_column][vc_row_inner][vc_column_inner width=\u00a0\u00bb1\/2&Prime;][vc_column_text]<\/p>\n<h2>\u00c9diteur<\/h2>\n<p>Le site web nauticspot.com est \u00e9dit\u00e9 par :<\/p>\n<p><strong>Nauticspot SAS<\/strong><br \/>\nCap Omega \u2013 Rond point Benjamin Franklin<br \/>\n34960 Montpellier Cedex 02<br \/>\nFrance<br \/>\nNum\u00e9ro de TVA EU : FR71830585832<br \/>\nT\u00e9l\u00e9phone : +33 4 67 13 00 44<br \/>\nEmail : contact {at} nauticspot.fr<br \/>\nWebmaster : Alex Ladoux[\/vc_column_text][\/vc_column_inner][vc_column_inner width=\u00a0\u00bb1\/2&Prime;][vc_column_text]<\/p>\n<h2>H\u00e9bergeur<\/h2>\n<p>Le site nauticspot.com est h\u00e9berg\u00e9 par :<\/p>\n<p><strong>o2Switch<\/strong><br \/>\n222-224 Boulevard Gustave Flaubert<br \/>\n63000 Clermont-Ferrand<br \/>\nFrance<br \/>\nNum\u00e9ro de TVA EU : FR35510909807<br \/>\nT\u00e9l\u00e9phone : +33 4 44 44 60 40<br \/>\nEmail : contact {at} o2switch.fr[\/vc_column_text][\/vc_column_inner][\/vc_row_inner][tm_spacer size=\u00a0\u00bblg:50&Prime;][vc_column_text]<\/p>\n<h2>Mention de droits r\u00e9serv\u00e9s<\/h2>\n<p>Conform\u00e9ment \u00e0 la loi 78-17 du 6 janvier 1978 (modifi\u00e9e par la loi 2004-801 du 6 ao\u00fbt 2004 relative \u00e0 la protection des personnes physiques \u00e0 l\u2019\u00e9gard des traitements de donn\u00e9es \u00e0 caract\u00e8re personnel et par la loi n\u00b0 2018-493 du 20 juin 2018 relative \u00e0 la protection des donn\u00e9es personnelles) relative \u00e0 l\u2019informatique, aux fichiers et aux libert\u00e9s, les informations vous concernant sont destin\u00e9es au site de la soci\u00e9t\u00e9 NAUTICSPOT, responsable du traitement. Vous disposez d\u2019un droit d\u2019acc\u00e8s, de rectification et de suppression des donn\u00e9es qui vous concernent.<\/p>\n<p>Vous pouvez l\u2019exercer en adressant un e-mail \u00e0 l\u2019adresse \u00e9lectronique suivante : contact@nauticspot.fr<\/p>\n<p>\u200bEn poursuivant votre visite de notre site vous acceptez de respecter les restrictions de cette page.<\/p>\n<p>Aucune reproduction, m\u00eame partielle, autres que celles pr\u00e9vues \u00e0 l\u2019article L 122-5 du code de la propri\u00e9t\u00e9 intellectuelle, ne peut \u00eatre faite pour d\u2019autres utilisations.<\/p>\n<p>Droits de reproduction et de diffusion r\u00e9serv\u00e9s \u00a9 www.nauticspot.com<\/p>\n<h2>Visuels<\/h2>\n<p>L\u2019ensemble des photos publi\u00e9es sur le site internet de NAUTICSPOT appartiennent \u00e0 leurs auteurs respectifs. Elles sont destin\u00e9es \u00e0 un usage strictement personnel et ne peuvent en aucun cas \u00eatre diffus\u00e9es ou reproduites, ni sur Internet, si sur supports imprim\u00e9s ou num\u00e9riques.[\/vc_column_text][\/vc_column][\/vc_row]<\/p>\n<\/div>","protected":false},"excerpt":{"rendered":"<p>[vc_row lg_spacing=\u00a0\u00bbpadding_right:200;padding_left:200&Prime; md_spacing=\u00a0\u00bbpadding_right:50;padding_left:50&Prime;][vc_column][vc_row_inner][vc_column_inner width=\u00a0\u00bb1\/2&Prime;][vc_column_text] \u00c9diteur Le site web nauticspot.com est \u00e9dit\u00e9 par : Nauticspot SAS Cap Omega \u2013 Rond point Benjamin Franklin 34960 Montpellier Cedex 02 France Num\u00e9ro de TVA EU : FR71830585832 T\u00e9l\u00e9phone : +33 4 67 13 00 44 Email : contact {at} nauticspot.fr Webmaster : Alex Ladoux[\/vc_column_text][\/vc_column_inner][vc_column_inner width=\u00a0\u00bb1\/2&Prime;][vc_column_text] H\u00e9bergeur Le site nauticspot.com est h\u00e9berg\u00e9 par : o2Switch 222-224 Boulevard Gustave Flaubert 63000 Clermont-Ferrand France Num\u00e9ro de TVA EU : FR35510909807 T\u00e9l\u00e9phone : +33 4 44 44 60 40 Email : contact {at} o2switch.fr[\/vc_column_text][\/vc_column_inner][\/vc_row_inner][tm_spacer size=\u00a0\u00bblg:50&Prime;][vc_column_text] Mention de droits r\u00e9serv\u00e9s Conform\u00e9ment \u00e0 la loi 78-17 du 6 janvier 1978 (modifi\u00e9e par la loi 2004-801 du 6 ao\u00fbt 2004 relative \u00e0 la protection des personnes physiques \u00e0 l\u2019\u00e9gard des traitements de donn\u00e9es \u00e0 caract\u00e8re personnel et par la loi n\u00b0 2018-493 du 20 juin 2018 relative \u00e0 la protection des donn\u00e9es personnelles) relative \u00e0 l\u2019informatique, aux fichiers et aux libert\u00e9s, les informations vous concernant sont destin\u00e9es au site de la soci\u00e9t\u00e9 NAUTICSPOT, responsable du traitement. Vous disposez d\u2019un droit d\u2019acc\u00e8s, de rectification et de suppression des donn\u00e9es qui vous concernent. Vous pouvez l\u2019exercer en adressant un e-mail \u00e0 l\u2019adresse \u00e9lectronique suivante : contact@nauticspot.fr \u200bEn poursuivant votre visite de notre site vous acceptez de respecter les restrictions de cette page. Aucune reproduction, m\u00eame partielle, autres que celles pr\u00e9vues \u00e0 l\u2019article L 122-5 du code de la propri\u00e9t\u00e9 intellectuelle, ne peut \u00eatre faite pour d\u2019autres utilisations. Droits de reproduction et de diffusion r\u00e9serv\u00e9s \u00a9 www.nauticspot.com Visuels L\u2019ensemble des photos publi\u00e9es sur le site internet de NAUTICSPOT appartiennent \u00e0 leurs auteurs respectifs. Elles sont destin\u00e9es \u00e0 un usage strictement personnel et ne peuvent en aucun cas \u00eatre diffus\u00e9es ou reproduites, ni sur Internet, si sur supports imprim\u00e9s ou num\u00e9riques.[\/vc_column_text][\/vc_column][\/vc_row]<\/p>\n","protected":false},"author":1,"featured_media":0,"parent":0,"menu_order":0,"comment_status":"closed","ping_status":"closed","template":"","meta":{"footnotes":""},"class_list":["post-32","page","type-page","status-publish","hentry","post-no-thumbnail"],"_links":{"self":[{"href":"https:\/\/www.nauticspot.com\/fr\/wp-json\/wp\/v2\/pages\/32","targetHints":{"allow":["GET"]}}],"collection":[{"href":"https:\/\/www.nauticspot.com\/fr\/wp-json\/wp\/v2\/pages"}],"about":[{"href":"https:\/\/www.nauticspot.com\/fr\/wp-json\/wp\/v2\/types\/page"}],"author":[{"embeddable":true,"href":"https:\/\/www.nauticspot.com\/fr\/wp-json\/wp\/v2\/users\/1"}],"replies":[{"embeddable":true,"href":"https:\/\/www.nauticspot.com\/fr\/wp-json\/wp\/v2\/comments?post=32"}],"version-history":[{"count":0,"href":"https:\/\/www.nauticspot.com\/fr\/wp-json\/wp\/v2\/pages\/32\/revisions"}],"wp:attachment":[{"href":"https:\/\/www.nauticspot.com\/fr\/wp-json\/wp\/v2\/media?parent=32"}],"curies":[{"name":"wp","href":"https:\/\/api.w.org\/{rel}","templated":true}]}}