{"id":86,"date":"2021-01-21T22:27:51","date_gmt":"2021-01-21T21:27:51","guid":{"rendered":"https:\/\/www.nauticspot.com\/fr\/?page_id=86"},"modified":"2021-08-31T12:05:11","modified_gmt":"2021-08-31T10:05:11","slug":"produits","status":"publish","type":"page","link":"https:\/\/www.nauticspot.com\/fr\/produits","title":{"rendered":"Produits"},"content":{"rendered":"<div class=\"wpb-content-wrapper\"><p>[vc_row full_width=\u00a0\u00bbstretch_row\u00a0\u00bb separator_type=\u00a0\u00bbtilt_left\u00a0\u00bb custom_separator_color=\u00a0\u00bb#f6f9fc\u00a0\u00bb separator_height=\u00a0\u00bblg:100&Prime; lg_spacing=\u00a0\u00bbpadding_right:40;padding_bottom:160;padding_left:40&Prime;][vc_column width=\u00a0\u00bb2\/5&Prime;][tm_image image=\u00a0\u00bb504&Prime;][\/vc_column][vc_column width=\u00a0\u00bb3\/5&Prime;][tm_heading style=\u00a0\u00bbmodern\u00a0\u00bb tag=\u00a0\u00bbp\u00a0\u00bb custom_google_font=\u00a0\u00bb\u00a0\u00bb text_color=\u00a0\u00bbsecondary\u00a0\u00bb text=\u00a0\u00bbCapteur de pr\u00e9sence ShellSpot\u00a0\u00bb][tm_spacer size=\u00a0\u00bblg:12&Prime;][tm_heading style=\u00a0\u00bbhighlight-02&Prime; tag=\u00a0\u00bbh2&Prime; custom_google_font=\u00a0\u00bb\u00a0\u00bb text=\u00a0\u00bbAutomatisation de la gestion portuaire\u00a0\u00bb font_size=\u00a0\u00bbsm:36;md:42;lg:48&Prime; line_height=\u00a0\u00bb1.21&Prime;][tm_spacer size=\u00a0\u00bblg:38&Prime;][vc_column_text]Le capteur de pr\u00e9sence ShellSpot permet de d\u00e9tecter l&rsquo;<strong>amarrage, le stationnement et le d\u00e9part de chaque bateau de plaisance<\/strong>. Il est fix\u00e9 au niveau des pontons, devant chaque poste d\u2019amarrage, et r\u00e9siste aux conditions climatiques les plus extr\u00eames.<\/p>\n<p>Les capteurs ShellSpot <strong>transmettent les donn\u00e9es en temps r\u00e9el au logiciel de supervision Nauticspot de la capitainerie<\/strong>. Les capteurs ShellSpot sont \u00e9galement compatibles avec tous les logiciels de supervision utilis\u00e9s en France.[\/vc_column_text][tm_spacer size=\u00a0\u00bblg:28&Prime;][tm_button style=\u00a0\u00bbtext\u00a0\u00bb button=\u00a0\u00bburl:%2Ffr%2Fproduits%2Fshellspot|title:En%20savoir%20plus\u00a0\u00bb hover_animation=\u00a0\u00bbicon-move\u00a0\u00bb icon_type=\u00a0\u00bbfontawesome5&Prime; icon_fontawesome5=\u00a0\u00bbfa fa-arrow-right\u00a0\u00bb icon_font_size=\u00a0\u00bblg:12&Prime; text_font_size=\u00a0\u00bblg:15&Prime;][\/vc_column][\/vc_row][vc_row full_width=\u00a0\u00bbstretch_row\u00a0\u00bb background_color=\u00a0\u00bbcustom\u00a0\u00bb separator_type=\u00a0\u00bbtilt_left\u00a0\u00bb custom_separator_color=\u00a0\u00bb#ebeef3&Prime; separator_height=\u00a0\u00bblg:100&Prime; lg_spacing=\u00a0\u00bbpadding_top:80;padding_right:40;padding_bottom:160;padding_left:40&Prime; custom_background_color=\u00a0\u00bb#f6f9fc\u00a0\u00bb][vc_column width=\u00a0\u00bb3\/5&Prime;][tm_heading style=\u00a0\u00bbmodern\u00a0\u00bb tag=\u00a0\u00bbp\u00a0\u00bb custom_google_font=\u00a0\u00bb\u00a0\u00bb text_color=\u00a0\u00bbsecondary\u00a0\u00bb text=\u00a0\u00bbBou\u00e9e de mouillage connect\u00e9e OceanSpot\u00a0\u00bb][tm_spacer size=\u00a0\u00bblg:12&Prime;][tm_heading style=\u00a0\u00bbhighlight-02&Prime; tag=\u00a0\u00bbh2&Prime; custom_google_font=\u00a0\u00bb\u00a0\u00bb text=\u00a0\u00bbInventaire en temps r\u00e9el de la zone de mouillage\u00a0\u00bb font_size=\u00a0\u00bbsm:36;md:42;lg:48&Prime; line_height=\u00a0\u00bb1.21&Prime;][tm_spacer size=\u00a0\u00bblg:38&Prime;][vc_column_text]La bou\u00e9e d&rsquo;amarrage connect\u00e9e OceanSpot permet aux agents du port de connaitre le <strong>l\u2019occupation exacte et en temps r\u00e9el<\/strong> de la zone de mouillage ainsi que d&rsquo;<strong>identifier\u00a0des bateaux amarr\u00e9s<\/strong>.<\/p>\n<p>Les capteurs de pr\u00e9sence Nauticspot qui ont fait l&rsquo;objet d&rsquo;un d\u00e9p\u00f4t de brevet fran\u00e7ais et international, sont int\u00e9gr\u00e9s \u00e0 la bou\u00e9e. Ils remontent les <strong>donn\u00e9es d&rsquo;amarrage en temps r\u00e9el<\/strong> \u00e0 la capitainerie. Nauticspot permet ainsi aux agents du port de connaitre pr\u00e9cis\u00e9ment le <strong>taux d\u2019occupation de la zone de mouillage<\/strong> \u00e0 chaque instant et d&rsquo;assurer une gestion dynamique des amarres disponibles, assurant r\u00e9activit\u00e9 et satisfaction des usagers. La bou\u00e9e est compatible avec tous les logiciels de gestion portuaire. Cette int\u00e9gration permet d&rsquo;offrir une <strong>repr\u00e9sentation graphique instantan\u00e9e<\/strong> de l&rsquo;occupation du plan d\u2019eau.[\/vc_column_text][tm_spacer size=\u00a0\u00bblg:28&Prime;][tm_button style=\u00a0\u00bbtext\u00a0\u00bb button=\u00a0\u00bburl:%2Ffr%2Fproduits%2Foceanspot|title:En%20savoir%20plus\u00a0\u00bb hover_animation=\u00a0\u00bbicon-move\u00a0\u00bb icon_type=\u00a0\u00bbfontawesome5&Prime; icon_fontawesome5=\u00a0\u00bbfa fa-arrow-right\u00a0\u00bb icon_font_size=\u00a0\u00bblg:12&Prime; text_font_size=\u00a0\u00bblg:15&Prime;][\/vc_column][vc_column width=\u00a0\u00bb2\/5&Prime;][tm_image align=\u00a0\u00bbright\u00a0\u00bb image=\u00a0\u00bb506&Prime;][\/vc_column][\/vc_row][vc_row full_width=\u00a0\u00bbstretch_row\u00a0\u00bb background_color=\u00a0\u00bbcustom\u00a0\u00bb separator_type=\u00a0\u00bbtilt_left\u00a0\u00bb custom_separator_color=\u00a0\u00bb#ffffff\u00a0\u00bb separator_height=\u00a0\u00bblg:100&Prime; lg_spacing=\u00a0\u00bbpadding_top:80;padding_right:40;padding_bottom:160;padding_left:40&Prime; custom_background_color=\u00a0\u00bb#ebeef3&Prime;][vc_column width=\u00a0\u00bb2\/5&Prime;][tm_image image=\u00a0\u00bb734&Prime;][\/vc_column][vc_column width=\u00a0\u00bb3\/5&Prime;][tm_heading style=\u00a0\u00bbmodern\u00a0\u00bb tag=\u00a0\u00bbp\u00a0\u00bb custom_google_font=\u00a0\u00bb\u00a0\u00bb text_color=\u00a0\u00bbsecondary\u00a0\u00bb text=\u00a0\u00bbSolution de s\u00e9curit\u00e9 portuaire SafeMarina\u00a0\u00bb][tm_spacer size=\u00a0\u00bblg:12&Prime;][tm_heading style=\u00a0\u00bbhighlight-02&Prime; tag=\u00a0\u00bbh2&Prime; custom_google_font=\u00a0\u00bb\u00a0\u00bb text=\u00a0\u00bbS\u00e9curisation des acc\u00e8s et du port de plaisance\u00a0\u00bb font_size=\u00a0\u00bbsm:36;md:42;lg:48&Prime; line_height=\u00a0\u00bb1.21&Prime;][tm_spacer size=\u00a0\u00bblg:38&Prime;][vc_column_text]<span style=\"font-weight: 400;\">SafaMarina est le <strong>syst\u00e8me de protection de la zone portuaire<\/strong> le plus fiable. Il se compose de cam\u00e9ras, d\u2019un logiciel de surveillance et de barri\u00e8res infrarouge. SafeMarina est con\u00e7u pour d\u00e9tecter les <strong>comportements suspects<\/strong> sur les pontons les quais, les <strong>intrusions<\/strong> d&rsquo;individus non autoris\u00e9s et les <strong>chutes ou accidents<\/strong> de personnes. <\/span><span style=\"font-weight: 400;\">SafeMarina est une solution con\u00e7ue et d\u00e9ploy\u00e9e en partenariat avec l&rsquo;exp\u00e9rience du leader fran\u00e7ais des syst\u00e8mes de s\u00e9curit\u00e9. <\/span><\/p>\n<p><span style=\"font-weight: 400;\">La s\u00e9curit\u00e9 du port de plaisance est la <strong>priorit\u00e9 des plaisanciers et la premi\u00e8re des responsabilit\u00e9s des capitaineries<\/strong>. Aussi, la solution de s\u00e9curit\u00e9 portuaire de Nauticspot permet de se sentir en s\u00e9curit\u00e9 \u00e0 tout instant du jour et de la nuit en se reposant sur un syst\u00e8me fiable et autonome.<\/span>[\/vc_column_text][tm_spacer size=\u00a0\u00bblg:28&Prime;][tm_button style=\u00a0\u00bbtext\u00a0\u00bb button=\u00a0\u00bburl:%2Ffr%2Fproduits%2Fsafemarina|title:En%20savoir%20plus\u00a0\u00bb hover_animation=\u00a0\u00bbicon-move\u00a0\u00bb icon_type=\u00a0\u00bbfontawesome5&Prime; icon_fontawesome5=\u00a0\u00bbfa fa-arrow-right\u00a0\u00bb icon_font_size=\u00a0\u00bblg:12&Prime; text_font_size=\u00a0\u00bblg:15&Prime;][\/vc_column][\/vc_row][vc_row lg_spacing=\u00a0\u00bbpadding_top:100;padding_bottom:100&Prime;][vc_column][tm_button size=\u00a0\u00bblg\u00a0\u00bb button=\u00a0\u00bburl:%2Ffr%2Fgo%3Futm_source%3Dwebsite%26utm_medium%3Dcta%26utm_campaign%3Dcta_product_list|title:Demander%20un%20devis\u00a0\u00bb align=\u00a0\u00bbcenter\u00a0\u00bb][tm_spacer size=\u00a0\u00bblg:100&Prime;][tm_heading style=\u00a0\u00bbmodern\u00a0\u00bb tag=\u00a0\u00bbh2&Prime; custom_google_font=\u00a0\u00bb\u00a0\u00bb align=\u00a0\u00bbcenter\u00a0\u00bb text=\u00a0\u00bbInt\u00e9grations avec les principaux logiciels de gestion portuaire\u00a0\u00bb][tm_spacer size=\u00a0\u00bblg:42&Prime;][tm_slider image_size=\u00a0\u00bbfull\u00a0\u00bb loop=\u00a0\u00bb\u00a0\u00bb gutter=\u00a0\u00bb30&Prime; items_display=\u00a0\u00bbxs:2;sm:3;md:5;lg:7&Prime; items=\u00a0\u00bb%5B%7B%22image%22%3A%22518%22%2C%22title%22%3A%22Aliz%C3%A9e%20Soft%22%2C%22link%22%3A%22Link%22%7D%2C%7B%22image%22%3A%22545%22%2C%22title%22%3A%22Seaport%22%2C%22link%22%3A%22Link%22%7D%2C%7B%22image%22%3A%22549%22%2C%22title%22%3A%22Pandora%22%2C%22link%22%3A%22Link%22%7D%2C%7B%22image%22%3A%221020%22%2C%22title%22%3A%22Magelan%22%2C%22link%22%3A%22Link%22%7D%2C%7B%22image%22%3A%22552%22%2C%22title%22%3A%22Marinacloud%22%2C%22link%22%3A%22Link%22%7D%2C%7B%22image%22%3A%22553%22%2C%22title%22%3A%22Harbour%20Assist%22%2C%22link%22%3A%22Link%22%7D%2C%7B%22image%22%3A%22555%22%2C%22title%22%3A%22Logimer%22%2C%22link%22%3A%22Link%22%7D%5D\u00a0\u00bb][\/vc_column][\/vc_row]<\/p>\n<\/div>","protected":false},"excerpt":{"rendered":"<p>[vc_row full_width=\u00a0\u00bbstretch_row\u00a0\u00bb separator_type=\u00a0\u00bbtilt_left\u00a0\u00bb custom_separator_color=\u00a0\u00bb#f6f9fc\u00a0\u00bb separator_height=\u00a0\u00bblg:100&Prime; lg_spacing=\u00a0\u00bbpadding_right:40;padding_bottom:160;padding_left:40&Prime;][vc_column width=\u00a0\u00bb2\/5&Prime;][tm_image image=\u00a0\u00bb504&Prime;][\/vc_column][vc_column width=\u00a0\u00bb3\/5&Prime;][tm_heading style=\u00a0\u00bbmodern\u00a0\u00bb tag=\u00a0\u00bbp\u00a0\u00bb custom_google_font=\u00a0\u00bb\u00a0\u00bb text_color=\u00a0\u00bbsecondary\u00a0\u00bb text=\u00a0\u00bbCapteur de pr\u00e9sence ShellSpot\u00a0\u00bb][tm_spacer size=\u00a0\u00bblg:12&Prime;][tm_heading style=\u00a0\u00bbhighlight-02&Prime; tag=\u00a0\u00bbh2&Prime; custom_google_font=\u00a0\u00bb\u00a0\u00bb text=\u00a0\u00bbAutomatisation de la gestion portuaire\u00a0\u00bb font_size=\u00a0\u00bbsm:36;md:42;lg:48&Prime; line_height=\u00a0\u00bb1.21&Prime;][tm_spacer size=\u00a0\u00bblg:38&Prime;][vc_column_text]Le capteur de pr\u00e9sence ShellSpot permet de d\u00e9tecter l&rsquo;amarrage, le stationnement et le d\u00e9part de chaque bateau de plaisance. Il est fix\u00e9 au niveau des pontons, devant chaque poste d\u2019amarrage, et r\u00e9siste aux conditions climatiques les plus extr\u00eames. Les capteurs ShellSpot transmettent les donn\u00e9es en temps r\u00e9el au logiciel de supervision Nauticspot de la capitainerie. Les capteurs ShellSpot sont \u00e9galement compatibles avec tous les logiciels de supervision utilis\u00e9s en France.[\/vc_column_text][tm_spacer size=\u00a0\u00bblg:28&Prime;][tm_button style=\u00a0\u00bbtext\u00a0\u00bb button=\u00a0\u00bburl:%2Ffr%2Fproduits%2Fshellspot|title:En%20savoir%20plus\u00a0\u00bb hover_animation=\u00a0\u00bbicon-move\u00a0\u00bb icon_type=\u00a0\u00bbfontawesome5&Prime; icon_fontawesome5=\u00a0\u00bbfa fa-arrow-right\u00a0\u00bb icon_font_size=\u00a0\u00bblg:12&Prime; text_font_size=\u00a0\u00bblg:15&Prime;][\/vc_column][\/vc_row][vc_row full_width=\u00a0\u00bbstretch_row\u00a0\u00bb background_color=\u00a0\u00bbcustom\u00a0\u00bb separator_type=\u00a0\u00bbtilt_left\u00a0\u00bb custom_separator_color=\u00a0\u00bb#ebeef3&Prime; separator_height=\u00a0\u00bblg:100&Prime; lg_spacing=\u00a0\u00bbpadding_top:80;padding_right:40;padding_bottom:160;padding_left:40&Prime; custom_background_color=\u00a0\u00bb#f6f9fc\u00a0\u00bb][vc_column width=\u00a0\u00bb3\/5&Prime;][tm_heading style=\u00a0\u00bbmodern\u00a0\u00bb tag=\u00a0\u00bbp\u00a0\u00bb custom_google_font=\u00a0\u00bb\u00a0\u00bb text_color=\u00a0\u00bbsecondary\u00a0\u00bb text=\u00a0\u00bbBou\u00e9e de mouillage connect\u00e9e OceanSpot\u00a0\u00bb][tm_spacer size=\u00a0\u00bblg:12&Prime;][tm_heading style=\u00a0\u00bbhighlight-02&Prime; tag=\u00a0\u00bbh2&Prime; custom_google_font=\u00a0\u00bb\u00a0\u00bb text=\u00a0\u00bbInventaire en temps r\u00e9el de la zone de mouillage\u00a0\u00bb font_size=\u00a0\u00bbsm:36;md:42;lg:48&Prime; line_height=\u00a0\u00bb1.21&Prime;][tm_spacer size=\u00a0\u00bblg:38&Prime;][vc_column_text]La bou\u00e9e d&rsquo;amarrage connect\u00e9e OceanSpot permet aux agents du port de connaitre le l\u2019occupation exacte et en temps r\u00e9el de la zone de mouillage ainsi que d&rsquo;identifier\u00a0des bateaux amarr\u00e9s. Les capteurs de pr\u00e9sence Nauticspot qui ont fait l&rsquo;objet d&rsquo;un d\u00e9p\u00f4t de brevet fran\u00e7ais et international, sont int\u00e9gr\u00e9s \u00e0 la bou\u00e9e. Ils remontent les donn\u00e9es d&rsquo;amarrage en temps r\u00e9el \u00e0 la capitainerie. Nauticspot permet ainsi aux agents du port de connaitre pr\u00e9cis\u00e9ment le taux d\u2019occupation de la zone de mouillage \u00e0 chaque instant et d&rsquo;assurer une gestion dynamique des amarres disponibles, assurant r\u00e9activit\u00e9 et satisfaction des usagers. La bou\u00e9e est compatible avec tous les logiciels de gestion portuaire. Cette int\u00e9gration permet d&rsquo;offrir une repr\u00e9sentation graphique instantan\u00e9e de l&rsquo;occupation du plan d\u2019eau.[\/vc_column_text][tm_spacer size=\u00a0\u00bblg:28&Prime;][tm_button style=\u00a0\u00bbtext\u00a0\u00bb button=\u00a0\u00bburl:%2Ffr%2Fproduits%2Foceanspot|title:En%20savoir%20plus\u00a0\u00bb hover_animation=\u00a0\u00bbicon-move\u00a0\u00bb icon_type=\u00a0\u00bbfontawesome5&Prime; icon_fontawesome5=\u00a0\u00bbfa fa-arrow-right\u00a0\u00bb icon_font_size=\u00a0\u00bblg:12&Prime; text_font_size=\u00a0\u00bblg:15&Prime;][\/vc_column][vc_column width=\u00a0\u00bb2\/5&Prime;][tm_image align=\u00a0\u00bbright\u00a0\u00bb image=\u00a0\u00bb506&Prime;][\/vc_column][\/vc_row][vc_row full_width=\u00a0\u00bbstretch_row\u00a0\u00bb background_color=\u00a0\u00bbcustom\u00a0\u00bb separator_type=\u00a0\u00bbtilt_left\u00a0\u00bb custom_separator_color=\u00a0\u00bb#ffffff\u00a0\u00bb separator_height=\u00a0\u00bblg:100&Prime; lg_spacing=\u00a0\u00bbpadding_top:80;padding_right:40;padding_bottom:160;padding_left:40&Prime; custom_background_color=\u00a0\u00bb#ebeef3&Prime;][vc_column width=\u00a0\u00bb2\/5&Prime;][tm_image image=\u00a0\u00bb734&Prime;][\/vc_column][vc_column width=\u00a0\u00bb3\/5&Prime;][tm_heading style=\u00a0\u00bbmodern\u00a0\u00bb tag=\u00a0\u00bbp\u00a0\u00bb custom_google_font=\u00a0\u00bb\u00a0\u00bb text_color=\u00a0\u00bbsecondary\u00a0\u00bb text=\u00a0\u00bbSolution de s\u00e9curit\u00e9 portuaire SafeMarina\u00a0\u00bb][tm_spacer size=\u00a0\u00bblg:12&Prime;][tm_heading style=\u00a0\u00bbhighlight-02&Prime; tag=\u00a0\u00bbh2&Prime; custom_google_font=\u00a0\u00bb\u00a0\u00bb text=\u00a0\u00bbS\u00e9curisation des acc\u00e8s et du port de plaisance\u00a0\u00bb font_size=\u00a0\u00bbsm:36;md:42;lg:48&Prime; line_height=\u00a0\u00bb1.21&Prime;][tm_spacer size=\u00a0\u00bblg:38&Prime;][vc_column_text]SafaMarina est le syst\u00e8me de protection de la zone portuaire le plus fiable. Il se compose de cam\u00e9ras, d\u2019un logiciel de surveillance et de barri\u00e8res infrarouge. SafeMarina est con\u00e7u pour d\u00e9tecter les comportements suspects sur les pontons les quais, les intrusions d&rsquo;individus non autoris\u00e9s et les chutes ou accidents de personnes. SafeMarina est une solution con\u00e7ue et d\u00e9ploy\u00e9e en partenariat avec l&rsquo;exp\u00e9rience du leader fran\u00e7ais des syst\u00e8mes de s\u00e9curit\u00e9. La s\u00e9curit\u00e9 du port de plaisance est la priorit\u00e9 des plaisanciers et la premi\u00e8re des responsabilit\u00e9s des capitaineries. Aussi, la solution de s\u00e9curit\u00e9 portuaire de Nauticspot permet de se sentir en s\u00e9curit\u00e9 \u00e0 tout instant du jour et de la nuit en se reposant sur un syst\u00e8me fiable et autonome.[\/vc_column_text][tm_spacer size=\u00a0\u00bblg:28&Prime;][tm_button style=\u00a0\u00bbtext\u00a0\u00bb button=\u00a0\u00bburl:%2Ffr%2Fproduits%2Fsafemarina|title:En%20savoir%20plus\u00a0\u00bb hover_animation=\u00a0\u00bbicon-move\u00a0\u00bb icon_type=\u00a0\u00bbfontawesome5&Prime; icon_fontawesome5=\u00a0\u00bbfa fa-arrow-right\u00a0\u00bb icon_font_size=\u00a0\u00bblg:12&Prime; text_font_size=\u00a0\u00bblg:15&Prime;][\/vc_column][\/vc_row][vc_row lg_spacing=\u00a0\u00bbpadding_top:100;padding_bottom:100&Prime;][vc_column][tm_button size=\u00a0\u00bblg\u00a0\u00bb button=\u00a0\u00bburl:%2Ffr%2Fgo%3Futm_source%3Dwebsite%26utm_medium%3Dcta%26utm_campaign%3Dcta_product_list|title:Demander%20un%20devis\u00a0\u00bb align=\u00a0\u00bbcenter\u00a0\u00bb][tm_spacer size=\u00a0\u00bblg:100&Prime;][tm_heading style=\u00a0\u00bbmodern\u00a0\u00bb tag=\u00a0\u00bbh2&Prime; custom_google_font=\u00a0\u00bb\u00a0\u00bb align=\u00a0\u00bbcenter\u00a0\u00bb text=\u00a0\u00bbInt\u00e9grations avec les principaux logiciels de gestion portuaire\u00a0\u00bb][tm_spacer size=\u00a0\u00bblg:42&Prime;][tm_slider image_size=\u00a0\u00bbfull\u00a0\u00bb loop=\u00a0\u00bb\u00a0\u00bb gutter=\u00a0\u00bb30&Prime; items_display=\u00a0\u00bbxs:2;sm:3;md:5;lg:7&Prime; items=\u00a0\u00bb%5B%7B%22image%22%3A%22518%22%2C%22title%22%3A%22Aliz%C3%A9e%20Soft%22%2C%22link%22%3A%22Link%22%7D%2C%7B%22image%22%3A%22545%22%2C%22title%22%3A%22Seaport%22%2C%22link%22%3A%22Link%22%7D%2C%7B%22image%22%3A%22549%22%2C%22title%22%3A%22Pandora%22%2C%22link%22%3A%22Link%22%7D%2C%7B%22image%22%3A%221020%22%2C%22title%22%3A%22Magelan%22%2C%22link%22%3A%22Link%22%7D%2C%7B%22image%22%3A%22552%22%2C%22title%22%3A%22Marinacloud%22%2C%22link%22%3A%22Link%22%7D%2C%7B%22image%22%3A%22553%22%2C%22title%22%3A%22Harbour%20Assist%22%2C%22link%22%3A%22Link%22%7D%2C%7B%22image%22%3A%22555%22%2C%22title%22%3A%22Logimer%22%2C%22link%22%3A%22Link%22%7D%5D\u00a0\u00bb][\/vc_column][\/vc_row]<\/p>\n","protected":false},"author":1,"featured_media":0,"parent":0,"menu_order":0,"comment_status":"closed","ping_status":"closed","template":"","meta":{"footnotes":""},"class_list":["post-86","page","type-page","status-publish","hentry","post-no-thumbnail"],"_links":{"self":[{"href":"https:\/\/www.nauticspot.com\/fr\/wp-json\/wp\/v2\/pages\/86","targetHints":{"allow":["GET"]}}],"collection":[{"href":"https:\/\/www.nauticspot.com\/fr\/wp-json\/wp\/v2\/pages"}],"about":[{"href":"https:\/\/www.nauticspot.com\/fr\/wp-json\/wp\/v2\/types\/page"}],"author":[{"embeddable":true,"href":"https:\/\/www.nauticspot.com\/fr\/wp-json\/wp\/v2\/users\/1"}],"replies":[{"embeddable":true,"href":"https:\/\/www.nauticspot.com\/fr\/wp-json\/wp\/v2\/comments?post=86"}],"version-history":[{"count":0,"href":"https:\/\/www.nauticspot.com\/fr\/wp-json\/wp\/v2\/pages\/86\/revisions"}],"wp:attachment":[{"href":"https:\/\/www.nauticspot.com\/fr\/wp-json\/wp\/v2\/media?parent=86"}],"curies":[{"name":"wp","href":"https:\/\/api.w.org\/{rel}","templated":true}]}}